{"id":766,"date":"2024-02-27T10:09:28","date_gmt":"2024-02-27T10:09:28","guid":{"rendered":"https:\/\/esiambalaj.com\/?page_id=766"},"modified":"2024-02-27T10:13:48","modified_gmt":"2024-02-27T10:13:48","slug":"kvkk","status":"publish","type":"page","link":"https:\/\/esiambalaj.com\/en\/kvkk\/","title":{"rendered":"PDPA"},"content":{"rendered":"<style>.elementor-766 .elementor-element.elementor-element-12e2f0bb > .elementor-container{min-height:500px;}.elementor-766 .elementor-element.elementor-element-12e2f0bb > .elementor-container > .elementor-column > .elementor-widget-wrap{align-content:center;align-items:center;}.elementor-766 .elementor-element.elementor-element-12e2f0bb > .elementor-background-overlay{background-color:var( --e-global-color-f06adda );background-image:url(\"https:\/\/esiambalaj.com\/wp-content\/uploads\/2024\/01\/Untitled-design-12.png\");background-repeat:no-repeat;background-size:cover;opacity:0.15;transition:background 0.3s, border-radius 0.3s, opacity 0.3s;}.elementor-766 .elementor-element.elementor-element-12e2f0bb{transition:background 0.3s, border 0.3s, border-radius 0.3s, box-shadow 0.3s;margin-top:0px;margin-bottom:110px;padding:0px 15px 0px 15px;}.elementor-766 .elementor-element.elementor-element-12e2f0bb > .elementor-shape-top svg{width:calc(139% + 1.3px);height:100px;}.elementor-766 .elementor-element.elementor-element-62b8140c > .elementor-element-populated{transition:background 0.3s, border 0.3s, border-radius 0.3s, box-shadow 0.3s;margin:100px 0px 0px 0px;--e-column-margin-right:0px;--e-column-margin-left:0px;}.elementor-766 .elementor-element.elementor-element-62b8140c > .elementor-element-populated > .elementor-background-overlay{transition:background 0.3s, border-radius 0.3s, opacity 0.3s;}.elementor-766 .elementor-element.elementor-element-19755d83{text-align:center;}.elementor-766 .elementor-element.elementor-element-19755d83 .elementor-heading-title{color:var( --e-global-color-secondary );}.elementor-766 .elementor-element.elementor-element-1b94db6{text-align:center;color:var( --e-global-color-primary );}:root{--page-title-display:none;}@media(max-width:1024px){.elementor-766 .elementor-element.elementor-element-62b8140c > .elementor-element-populated{margin:145px 0px 0px 0px;--e-column-margin-right:0px;--e-column-margin-left:0px;}}@media(max-width:767px){.elementor-766 .elementor-element.elementor-element-12e2f0bb > .elementor-container{min-height:450px;}.elementor-766 .elementor-element.elementor-element-12e2f0bb{margin-top:0px;margin-bottom:100px;}.elementor-766 .elementor-element.elementor-element-62b8140c > .elementor-element-populated{margin:200px 0px 0px 0px;--e-column-margin-right:0px;--e-column-margin-left:0px;}}<\/style>\t\t<div data-elementor-type=\"wp-page\" data-elementor-id=\"766\" class=\"elementor elementor-766\">\n\t\t\t\t\t\t<section class=\"elementor-section elementor-top-section elementor-element elementor-element-12e2f0bb elementor-section-height-min-height elementor-section-content-middle elementor-section-boxed elementor-section-height-default elementor-section-items-middle\" data-id=\"12e2f0bb\" data-element_type=\"section\" data-e-type=\"section\" data-settings=\"{&quot;background_background&quot;:&quot;classic&quot;,&quot;shape_divider_top&quot;:&quot;curve&quot;}\">\n\t\t\t\t\t\t\t<div class=\"elementor-background-overlay\"><\/div>\n\t\t\t\t\t\t<div class=\"elementor-shape elementor-shape-top\" aria-hidden=\"true\" data-negative=\"false\">\n\t\t\t<svg xmlns=\"http:\/\/www.w3.org\/2000\/svg\" viewbox=\"0 0 1000 100\" preserveaspectratio=\"none\">\n    <path class=\"elementor-shape-fill\" d=\"M1000,4.3V0H0v4.3C0.9,23.1,126.7,99.2,500,100S1000,22.7,1000,4.3z\"\/>\n<\/svg>\t\t<\/div>\n\t\t\t\t\t<div class=\"elementor-container elementor-column-gap-no\">\n\t\t\t\t\t<div class=\"elementor-column elementor-col-100 elementor-top-column elementor-element elementor-element-62b8140c\" data-id=\"62b8140c\" data-element_type=\"column\" data-e-type=\"column\" data-settings=\"{&quot;background_background&quot;:&quot;classic&quot;}\">\n\t\t\t<div class=\"elementor-widget-wrap elementor-element-populated\">\n\t\t\t\t\t\t<div class=\"elementor-element elementor-element-19755d83 elementor-widget elementor-widget-heading\" data-id=\"19755d83\" data-element_type=\"widget\" data-e-type=\"widget\" data-widget_type=\"heading.default\">\n\t\t\t\t<div class=\"elementor-widget-container\">\n\t\t\t\t\t<h1 class=\"elementor-heading-title elementor-size-default\">PDPA<br>Ki\u015fisel Verilerinizin Korunmas\u0131<\/h1>\t\t\t\t<\/div>\n\t\t\t\t<\/div>\n\t\t\t\t<div class=\"elementor-element elementor-element-1b94db6 elementor-widget elementor-widget-text-editor\" data-id=\"1b94db6\" data-element_type=\"widget\" data-e-type=\"widget\" data-widget_type=\"text-editor.default\">\n\t\t\t\t<div class=\"elementor-widget-container\">\n\t\t\t\t\t\t\t\t\t<div class=\"elementor-element elementor-element-077e08f e-flex e-con-boxed e-con e-parent\" data-id=\"077e08f\" data-element_type=\"container\" data-settings=\"{&quot;content_width&quot;:&quot;boxed&quot;}\" data-core-v316-plus=\"true\"><div class=\"e-con-inner\"><div class=\"elementor-element elementor-element-ced7caf elementor-widget elementor-widget-heading\" data-id=\"ced7caf\" data-element_type=\"widget\" data-widget_type=\"heading.default\"><div class=\"elementor-widget-container\"><h2 class=\"elementor-heading-title elementor-size-default\">Ki\u015fisel Verileriniz Korunma Alt\u0131ndad\u0131r.<\/h2><\/div><\/div><div class=\"elementor-element elementor-element-323387d e-flex e-con-boxed e-con e-child\" data-id=\"323387d\" data-element_type=\"container\" data-settings=\"{&quot;content_width&quot;:&quot;boxed&quot;}\"><div class=\"e-con-inner\"><div class=\"elementor-element elementor-element-44b761e elementor-widget elementor-widget-text-editor\" data-id=\"44b761e\" data-element_type=\"widget\" data-widget_type=\"text-editor.default\"><div class=\"elementor-widget-container\"><p><strong>Ki\u015fisel Verilerin Korunmas\u0131 Kanunu Bilgilendirme Notu :<\/strong>\u00a0Ki\u015fisel verilerin i\u015flenmesinde ba\u015fta \u00f6zel hayat\u0131n gizlili\u011fi olmak \u00fczere ki\u015filerin temel hak ve \u00f6zg\u00fcrl\u00fcklerini korumak ve ki\u015fisel verileri i\u015fleyen ger\u00e7ek ve t\u00fczel ki\u015filerin y\u00fck\u00fcml\u00fcl\u00fcklerini belirlemek amac\u0131yla 7 Nisan 2016 tarihli ve 29677 Say\u0131l\u0131 Resmi Gazete\u2019de yay\u0131mlanan 6698 say\u0131l\u0131 Ki\u015fisel Verilerin Korunmas\u0131 Kanunu (Kanun) hakk\u0131nda veri sorumlusu Paratikpay olarak sizleri bilgilendirmek isteriz.<\/p><\/div><\/div><\/div><\/div><\/div><\/div><div class=\"elementor-element elementor-element-607511c e-flex e-con-boxed e-con e-parent\" data-id=\"607511c\" data-element_type=\"container\" data-settings=\"{&quot;content_width&quot;:&quot;boxed&quot;}\" data-core-v316-plus=\"true\"><div class=\"e-con-inner\"><div class=\"elementor-element elementor-element-111e1f7 elementor-widget elementor-widget-heading\" data-id=\"111e1f7\" data-element_type=\"widget\" data-widget_type=\"heading.default\"><div class=\"elementor-widget-container\"><h4 class=\"elementor-heading-title elementor-size-default\">Ki\u015fisel verilerin i\u015flenme ama\u00e7lar\u0131 ve hukuki sebepleri:<\/h4><\/div><\/div><div class=\"elementor-element elementor-element-39c9e89 e-flex e-con-boxed e-con e-child\" data-id=\"39c9e89\" data-element_type=\"container\" data-settings=\"{&quot;content_width&quot;:&quot;boxed&quot;}\"><div class=\"e-con-inner\"><div class=\"elementor-element elementor-element-b2297f3 elementor-widget elementor-widget-text-editor\" data-id=\"b2297f3\" data-element_type=\"widget\" data-widget_type=\"text-editor.default\"><div class=\"elementor-widget-container\"><p>Kanun kapsam\u0131nda sunmu\u015f oldu\u011funuz ki\u015fisel verileriniz; i\u015flem sahibinin bilgilerinin tespiti i\u00e7in kimlik ve di\u011fer gerekli bilgilerinin kaydedilmesi; elektronik kanallar veya k\u00e2\u011f\u0131t ortam\u0131nda i\u015fleme dayanak olacak t\u00fcm kay\u0131t ve belgelerin d\u00fczenlenmesi; mevzuat ve di\u011fer otoritelerce \u00f6ng\u00f6r\u00fclen s\u00fcre boyunca saklanmas\u0131, yurt i\u00e7i ve uluslararas\u0131 mevzuata uyumun sa\u011flanmas\u0131, TCMB, BDDK, MASAK ve di\u011fer otoritelerce \u00f6ng\u00f6r\u00fclen bilgi ve belge saklama, raporlama, bilgi payla\u015f\u0131m\u0131 ve bilgilendirme y\u00fck\u00fcml\u00fcl\u00fcklerinin yerine getirilmesi; planlama, istatistik, m\u00fc\u015fteri memnuniyeti ve hizmet kalitesinin artt\u0131r\u0131lmas\u0131na y\u00f6nelik \u00e7al\u0131\u015fmalar, doland\u0131r\u0131c\u0131l\u0131\u011f\u0131n \u00f6nlenmesi, g\u00fcvenli\u011fin sa\u011flanmas\u0131, talep etti\u011finiz \u015firketimizin \u00fcr\u00fcn ve hizmetleri ile ilgili bilgi ara\u015ft\u0131rmalar\u0131 ve de\u011ferlendirmelerinin yap\u0131labilmesi; hukuki s\u00fcre\u00e7lerimizin y\u00f6netilmesi, \u015firketimiz ile ger\u00e7ekle\u015ftirdi\u011finiz i\u015flemlere ili\u015fkin \u015firketimizin taraf\u0131n\u0131za kar\u015f\u0131 t\u00fcm y\u00fck\u00fcml\u00fcl\u00fcklerinin yerine getirilmesi amac\u0131 ile i\u015flenmekte ve yetkili kurumlara aktar\u0131lmaktad\u0131r. Ki\u015fisel verileriniz yukar\u0131da belirtilenlerin yan\u0131 s\u0131ra size ileti\u015fim izni vermeniz durumunda tan\u0131t\u0131m, pazarlama ve kampanya faaliyetlerinin yap\u0131lmas\u0131 i\u00e7in i\u015flenebilmektedir.<\/p><\/div><\/div><\/div><\/div><\/div><\/div><div class=\"elementor-element elementor-element-c525dc4 e-flex e-con-boxed e-con e-parent\" data-id=\"c525dc4\" data-element_type=\"container\" data-settings=\"{&quot;content_width&quot;:&quot;boxed&quot;}\" data-core-v316-plus=\"true\"><div class=\"e-con-inner\"><div class=\"elementor-element elementor-element-3172f77 elementor-widget elementor-widget-heading\" data-id=\"3172f77\" data-element_type=\"widget\" data-widget_type=\"heading.default\"><div class=\"elementor-widget-container\"><h4 class=\"elementor-heading-title elementor-size-default\">Ki\u015fisel verilerin aktar\u0131labilece\u011fi ki\u015fi\/kurulu\u015flar:<\/h4><\/div><\/div><div class=\"elementor-element elementor-element-7bb1711 e-flex e-con-boxed e-con e-child\" data-id=\"7bb1711\" data-element_type=\"container\" data-settings=\"{&quot;content_width&quot;:&quot;boxed&quot;}\"><div class=\"e-con-inner\"><div class=\"elementor-element elementor-element-5438e43 elementor-widget elementor-widget-text-editor\" data-id=\"5438e43\" data-element_type=\"widget\" data-widget_type=\"text-editor.default\"><div class=\"elementor-widget-container\"><p class=\"font30 ml-3 mx-auto text-dark\"><span class=\"ml-2 text-dark\">Yukar\u0131da belirtilen ama\u00e7larla, Paratikpay taraf\u0131ndan i\u015flenen ki\u015fisel verileriniz,<\/span><\/p><p class=\"font30 ml-3 mx-auto\"><span class=\"ml-2 text-dark\">\u00d6deme ve Menkul K\u0131ymet Mutabakat Sistemleri, \u00d6deme Hizmetleri ve Elektronik Para Kurulu\u015flar\u0131 Hakk\u0131nda Kanun ve di\u011fer mevzuat h\u00fck\u00fcmlerinin bilgi payla\u015f\u0131m\u0131na izin verdi\u011fi\/bilgi payla\u015f\u0131m\u0131n\u0131 zorunlu k\u0131ld\u0131\u011f\u0131 ki\u015fi veya kurulu\u015flar,<\/span><\/p><p class=\"font30 ml-3 mx-auto\"><span class=\"ml-2 text-dark\">BDDK, TCMB, MASAK gibi kamu t\u00fczel ki\u015fileri; resmi kurumlar,<\/span><\/p><p class=\"font30 ml-3 mx-auto\"><span class=\"ml-2 text-dark\">Mevzuat\u0131n izin verdi\u011fi hallerde faaliyetlerimizi y\u00fcr\u00fctmek \u00fczere hizmet ald\u0131\u011f\u0131m\u0131z, i\u015fbirli\u011fi yapt\u0131\u011f\u0131m\u0131z, program orta\u011f\u0131 kurulu\u015flar\u0131, destek hizmeti kurulu\u015flar\u0131 ve ba\u011f\u0131ms\u0131z denetim \u015firketleridir.<\/span><\/p><p class=\"font30 ml-3 mx-auto\"><span class=\"ml-2 text-dark\">Ki\u015fisel verilerin toplanma y\u00f6ntemi; M\u00fc\u015fteri Temsilcisi G\u00f6r\u00fc\u015fmeleri ve web sitesi gibi fiziksel ve dijital kanallar arac\u0131l\u0131\u011f\u0131yla ki\u015fisel verileriniz s\u00f6zl\u00fc, yaz\u0131l\u0131 veya elektronik ortamda toplanabilir.<\/span><\/p><p class=\"font30 ml-3 mx-auto text-dark\">Kanun\u2019un 11. maddesi gere\u011fi haklar\u0131n\u0131z; Veri sorumlusu s\u0131fat\u0131yla Paratipay\u2019e 07.10.2016 tarihinden itibaren ba\u015fvurarak, ki\u015fisel verilerinizin;<br \/>a) \u0130\u015flenip i\u015flenmedi\u011fini \u00f6\u011frenme,<br \/>b) \u0130\u015flenmi\u015fse bilgi talep etme,<br \/>c) \u0130\u015flenme amac\u0131n\u0131 ve bunlar\u0131n amac\u0131na uygun kullan\u0131l\u0131p kullan\u0131lmad\u0131\u011f\u0131n\u0131 \u00f6\u011frenme,<br \/>\u00e7) Yurt i\u00e7inde\/yurt d\u0131\u015f\u0131nda aktar\u0131ld\u0131\u011f\u0131 3. ki\u015fileri bilme,<br \/>d) Eksik veya yanl\u0131\u015f i\u015flenmi\u015f olmas\u0131 halinde d\u00fczeltilmesini isteme,<br \/>e) Kanunu\u2019nun 7. maddesinde \u00f6ng\u00f6r\u00fclen \u015fartlar \u00e7er\u00e7evesinde silinmesini veya yok edilmesini isteme,<br \/>f) Aktar\u0131ld\u0131\u011f\u0131 3. ki\u015filere yukar\u0131da say\u0131lan (d) ve (e) bentleri uyar\u0131nca yap\u0131lan i\u015flemlerin bildirilmesini isteme,<br \/>g) M\u00fcnhas\u0131ran otomatik sistemler ile analiz edilmesi nedeniyle aleyhinize bir sonucun ortaya \u00e7\u0131kmas\u0131na itiraz etme,<br \/>\u011f) Kanuna ayk\u0131r\u0131 olarak i\u015flenmesi sebebiyle zarara u\u011framan\u0131z halinde zarar\u0131n giderilmesini talep etme hakk\u0131na sahipsiniz. Taleplerinizin yerine getirilmesini teminen \u015firketimizce yap\u0131lacak masraflar, Kanun\u2019un \u201cVeri sorumlusuna ba\u015fvuru\u201d ba\u015fl\u0131kl\u0131 13. Maddesinde belirtilen tarifeye g\u00f6re taraf\u0131n\u0131zdan talep edilebilecektir.<\/p><\/div><\/div><\/div><\/div><\/div><\/div>\t\t\t\t\t\t\t\t<\/div>\n\t\t\t\t<\/div>\n\t\t\t\t\t<\/div>\n\t\t<\/div>\n\t\t\t\t\t<\/div>\n\t\t<\/section>\n\t\t\t\t<\/div>","protected":false},"excerpt":{"rendered":"<p>KVKKKi\u015fisel Verilerinizin Korunmas\u0131 Ki\u015fisel Verileriniz Korunma Alt\u0131ndad\u0131r. Ki\u015fisel Verilerin Korunmas\u0131 Kanunu Bilgilendirme Notu :\u00a0Ki\u015fisel verilerin i\u015flenmesinde ba\u015fta \u00f6zel hayat\u0131n gizlili\u011fi olmak \u00fczere ki\u015filerin temel hak ve \u00f6zg\u00fcrl\u00fcklerini korumak ve ki\u015fisel verileri i\u015fleyen ger\u00e7ek ve t\u00fczel ki\u015filerin y\u00fck\u00fcml\u00fcl\u00fcklerini belirlemek amac\u0131yla 7 Nisan 2016 tarihli ve 29677 Say\u0131l\u0131 Resmi Gazete\u2019de yay\u0131mlanan 6698 say\u0131l\u0131 Ki\u015fisel Verilerin Korunmas\u0131 Kanunu [&hellip;]<\/p>","protected":false},"author":1,"featured_media":761,"parent":0,"menu_order":0,"comment_status":"closed","ping_status":"closed","template":"","meta":{"footnotes":""},"class_list":["post-766","page","type-page","status-publish","has-post-thumbnail","hentry"],"_links":{"self":[{"href":"https:\/\/esiambalaj.com\/en\/wp-json\/wp\/v2\/pages\/766","targetHints":{"allow":["GET"]}}],"collection":[{"href":"https:\/\/esiambalaj.com\/en\/wp-json\/wp\/v2\/pages"}],"about":[{"href":"https:\/\/esiambalaj.com\/en\/wp-json\/wp\/v2\/types\/page"}],"author":[{"embeddable":true,"href":"https:\/\/esiambalaj.com\/en\/wp-json\/wp\/v2\/users\/1"}],"replies":[{"embeddable":true,"href":"https:\/\/esiambalaj.com\/en\/wp-json\/wp\/v2\/comments?post=766"}],"version-history":[{"count":4,"href":"https:\/\/esiambalaj.com\/en\/wp-json\/wp\/v2\/pages\/766\/revisions"}],"predecessor-version":[{"id":771,"href":"https:\/\/esiambalaj.com\/en\/wp-json\/wp\/v2\/pages\/766\/revisions\/771"}],"wp:featuredmedia":[{"embeddable":true,"href":"https:\/\/esiambalaj.com\/en\/wp-json\/wp\/v2\/media\/761"}],"wp:attachment":[{"href":"https:\/\/esiambalaj.com\/en\/wp-json\/wp\/v2\/media?parent=766"}],"curies":[{"name":"wp","href":"https:\/\/api.w.org\/{rel}","templated":true}]}}